{"id":6650,"date":"2022-03-07T07:24:53","date_gmt":"2022-03-07T07:24:53","guid":{"rendered":"https:\/\/kmei.ro\/test\/?page_id=6650"},"modified":"2022-04-04T08:18:21","modified_gmt":"2022-04-04T08:18:21","slug":"khh","status":"publish","type":"page","link":"https:\/\/kmei.ro\/index.php\/khh\/","title":{"rendered":"K\u00f6z\u00e9piskol\u00e1sok Hossz\u00fa H\u00e9tv\u00e9g\u00e9je"},"content":{"rendered":"","protected":false},"excerpt":{"rendered":"","protected":false},"author":1,"featured_media":0,"parent":0,"menu_order":0,"comment_status":"closed","ping_status":"closed","template":"","meta":{"footnotes":""},"class_list":["post-6650","page","type-page","status-publish","hentry"],"_links":{"self":[{"href":"https:\/\/kmei.ro\/index.php\/wp-json\/wp\/v2\/pages\/6650","targetHints":{"allow":["GET"]}}],"collection":[{"href":"https:\/\/kmei.ro\/index.php\/wp-json\/wp\/v2\/pages"}],"about":[{"href":"https:\/\/kmei.ro\/index.php\/wp-json\/wp\/v2\/types\/page"}],"author":[{"embeddable":true,"href":"https:\/\/kmei.ro\/index.php\/wp-json\/wp\/v2\/users\/1"}],"replies":[{"embeddable":true,"href":"https:\/\/kmei.ro\/index.php\/wp-json\/wp\/v2\/comments?post=6650"}],"version-history":[{"count":5,"href":"https:\/\/kmei.ro\/index.php\/wp-json\/wp\/v2\/pages\/6650\/revisions"}],"predecessor-version":[{"id":7693,"href":"https:\/\/kmei.ro\/index.php\/wp-json\/wp\/v2\/pages\/6650\/revisions\/7693"}],"wp:attachment":[{"href":"https:\/\/kmei.ro\/index.php\/wp-json\/wp\/v2\/media?parent=6650"}],"curies":[{"name":"wp","href":"https:\/\/api.w.org\/{rel}","templated":true}]}}