{"id":6652,"date":"2022-03-07T07:25:16","date_gmt":"2022-03-07T07:25:16","guid":{"rendered":"https:\/\/kmei.ro\/test\/?page_id=6652"},"modified":"2022-04-04T08:17:47","modified_gmt":"2022-04-04T08:17:47","slug":"interdiszciplinaris-tehetsegforum","status":"publish","type":"page","link":"https:\/\/kmei.ro\/index.php\/interdiszciplinaris-tehetsegforum\/","title":{"rendered":"Interdiszciplin\u00e1ris tehets\u00e9gf\u00f3rum"},"content":{"rendered":"","protected":false},"excerpt":{"rendered":"","protected":false},"author":1,"featured_media":0,"parent":0,"menu_order":0,"comment_status":"closed","ping_status":"closed","template":"","meta":{"footnotes":""},"class_list":["post-6652","page","type-page","status-publish","hentry"],"_links":{"self":[{"href":"https:\/\/kmei.ro\/index.php\/wp-json\/wp\/v2\/pages\/6652","targetHints":{"allow":["GET"]}}],"collection":[{"href":"https:\/\/kmei.ro\/index.php\/wp-json\/wp\/v2\/pages"}],"about":[{"href":"https:\/\/kmei.ro\/index.php\/wp-json\/wp\/v2\/types\/page"}],"author":[{"embeddable":true,"href":"https:\/\/kmei.ro\/index.php\/wp-json\/wp\/v2\/users\/1"}],"replies":[{"embeddable":true,"href":"https:\/\/kmei.ro\/index.php\/wp-json\/wp\/v2\/comments?post=6652"}],"version-history":[{"count":5,"href":"https:\/\/kmei.ro\/index.php\/wp-json\/wp\/v2\/pages\/6652\/revisions"}],"predecessor-version":[{"id":7691,"href":"https:\/\/kmei.ro\/index.php\/wp-json\/wp\/v2\/pages\/6652\/revisions\/7691"}],"wp:attachment":[{"href":"https:\/\/kmei.ro\/index.php\/wp-json\/wp\/v2\/media?parent=6652"}],"curies":[{"name":"wp","href":"https:\/\/api.w.org\/{rel}","templated":true}]}}