{"id":7375,"date":"2022-03-30T13:51:04","date_gmt":"2022-03-30T13:51:04","guid":{"rendered":"https:\/\/kmei.ro\/test\/?page_id=7375"},"modified":"2022-03-31T07:49:18","modified_gmt":"2022-03-31T07:49:18","slug":"reszkepzes","status":"publish","type":"page","link":"https:\/\/kmei.ro\/index.php\/palyazatok\/reszkepzes\/","title":{"rendered":"R\u00e9szk\u00e9pz\u00e9s"},"content":{"rendered":"","protected":false},"excerpt":{"rendered":"","protected":false},"author":1,"featured_media":0,"parent":6642,"menu_order":0,"comment_status":"closed","ping_status":"closed","template":"","meta":{"footnotes":""},"class_list":["post-7375","page","type-page","status-publish","hentry"],"_links":{"self":[{"href":"https:\/\/kmei.ro\/index.php\/wp-json\/wp\/v2\/pages\/7375","targetHints":{"allow":["GET"]}}],"collection":[{"href":"https:\/\/kmei.ro\/index.php\/wp-json\/wp\/v2\/pages"}],"about":[{"href":"https:\/\/kmei.ro\/index.php\/wp-json\/wp\/v2\/types\/page"}],"author":[{"embeddable":true,"href":"https:\/\/kmei.ro\/index.php\/wp-json\/wp\/v2\/users\/1"}],"replies":[{"embeddable":true,"href":"https:\/\/kmei.ro\/index.php\/wp-json\/wp\/v2\/comments?post=7375"}],"version-history":[{"count":3,"href":"https:\/\/kmei.ro\/index.php\/wp-json\/wp\/v2\/pages\/7375\/revisions"}],"predecessor-version":[{"id":7407,"href":"https:\/\/kmei.ro\/index.php\/wp-json\/wp\/v2\/pages\/7375\/revisions\/7407"}],"up":[{"embeddable":true,"href":"https:\/\/kmei.ro\/index.php\/wp-json\/wp\/v2\/pages\/6642"}],"wp:attachment":[{"href":"https:\/\/kmei.ro\/index.php\/wp-json\/wp\/v2\/media?parent=7375"}],"curies":[{"name":"wp","href":"https:\/\/api.w.org\/{rel}","templated":true}]}}